{"id":49631,"date":"2019-11-07T10:50:15","date_gmt":"2019-11-07T09:50:15","guid":{"rendered":"https:\/\/www.suedamerikafans.de\/wels-datenbank\/welse-sympatrisch-zur-gattung\/"},"modified":"2019-06-15T11:42:20","modified_gmt":"2019-06-15T09:42:20","slug":"welse-sympatrisch-zur-gattung","status":"publish","type":"page","link":"https:\/\/www.suedamerikafans.de\/pt-br\/wels-datenbank\/welse-sympatrisch-zur-gattung\/","title":{"rendered":"Siluriformes simp\u00e1ticos ao g\u00eanero"},"content":{"rendered":"","protected":false},"excerpt":{"rendered":"","protected":false},"author":1,"featured_media":0,"parent":41492,"menu_order":9999,"comment_status":"closed","ping_status":"closed","template":"db_sympatrische_fischarten_vc.php","meta":{"om_disable_all_campaigns":false,"_monsterinsights_skip_tracking":false,"_monsterinsights_sitenote_active":false,"_monsterinsights_sitenote_note":"","_monsterinsights_sitenote_category":0,"ngg_post_thumbnail":0,"footnotes":""},"class_list":["post-49631","page","type-page","status-publish","hentry"],"yoast_head":"<!-- This site is optimized with the Yoast SEO plugin v27.3 - https:\/\/yoast.com\/product\/yoast-seo-wordpress\/ -->\n<title>G&ecirc;nero - Siluriformes simp&aacute;tricos<\/title>\n<meta name=\"description\" content=\"Os Siluriformes n\u00e3o ocorre sozinho nas \u00e1guas. V\u00e1rios tipos de peixes s\u00e3o simp\u00e1tricos. Voc\u00ea conhece os Siluriformes que s\u00e3o simp\u00e1ticos ao g\u00eanero dos peixes?\" \/>\n<meta name=\"robots\" content=\"index, follow, max-snippet:-1, max-image-preview:large, max-video-preview:-1\" \/>\n<link rel=\"canonical\" href=\"https:\/\/www.suedamerikafans.de\/pt-br\/wels-datenbank\/welse-sympatrisch-zur-gattung\/?gattung_name=\" \/>\n<meta property=\"og:locale\" content=\"pt_BR\" \/>\n<meta property=\"og:type\" content=\"article\" \/>\n<meta property=\"og:title\" content=\"G&ecirc;nero - Siluriformes simp&aacute;tricos\" \/>\n<meta property=\"og:description\" content=\"Os Siluriformes n\u00e3o ocorre sozinho nas \u00e1guas. V\u00e1rios tipos de peixes s\u00e3o simp\u00e1tricos. Voc\u00ea conhece os Siluriformes que s\u00e3o simp\u00e1ticos ao g\u00eanero dos peixes?\" \/>\n<meta property=\"og:url\" content=\"https:\/\/www.suedamerikafans.de\/pt-br\/wels-datenbank\/welse-sympatrisch-zur-gattung\/\" \/>\n<meta property=\"og:site_name\" content=\"F\u00e3ns da Am\u00e9rica do Sul\" \/>\n<meta name=\"twitter:card\" content=\"summary_large_image\" \/>\n<script type=\"application\/ld+json\" class=\"yoast-schema-graph\">{\"@context\":\"https:\\\/\\\/schema.org\",\"@graph\":[{\"@type\":\"WebPage\",\"@id\":\"https:\\\/\\\/www.suedamerikafans.de\\\/pt-br\\\/wels-datenbank\\\/welse-sympatrisch-zur-gattung\\\/\",\"url\":\"https:\\\/\\\/www.suedamerikafans.de\\\/pt-br\\\/wels-datenbank\\\/welse-sympatrisch-zur-gattung\\\/\",\"name\":\"Siluriformes simp\u00e1ticos ao g\u00eanero -\",\"isPartOf\":{\"@id\":\"https:\\\/\\\/www.suedamerikafans.de\\\/pt-br\\\/#website\"},\"datePublished\":\"2019-11-07T09:50:15+00:00\",\"description\":\"Os Siluriformes n\u00e3o ocorre sozinho nas \u00e1guas. V\u00e1rios tipos de peixes s\u00e3o simp\u00e1tricos. Voc\u00ea conhece os Siluriformes que s\u00e3o simp\u00e1ticos ao g\u00eanero dos peixes?\",\"breadcrumb\":{\"@id\":\"https:\\\/\\\/www.suedamerikafans.de\\\/pt-br\\\/wels-datenbank\\\/welse-sympatrisch-zur-gattung\\\/#breadcrumb\"},\"inLanguage\":\"pt-BR\",\"potentialAction\":[{\"@type\":\"ReadAction\",\"target\":[\"https:\\\/\\\/www.suedamerikafans.de\\\/pt-br\\\/wels-datenbank\\\/welse-sympatrisch-zur-gattung\\\/\"]}]},{\"@type\":\"BreadcrumbList\",\"@id\":\"https:\\\/\\\/www.suedamerikafans.de\\\/pt-br\\\/wels-datenbank\\\/welse-sympatrisch-zur-gattung\\\/#breadcrumb\",\"itemListElement\":[{\"@type\":\"ListItem\",\"position\":1,\"name\":\"Startseite\",\"item\":\"https:\\\/\\\/www.suedamerikafans.de\\\/pt-br\\\/\"},{\"@type\":\"ListItem\",\"position\":2,\"name\":\"Datenbank Welse\",\"item\":\"https:\\\/\\\/www.suedamerikafans.de\\\/pt-br\\\/wels-datenbank\\\/\"},{\"@type\":\"ListItem\",\"position\":3,\"name\":\"Siluriformes simp\u00e1ticos ao g\u00eanero\"}]},{\"@type\":\"WebSite\",\"@id\":\"https:\\\/\\\/www.suedamerikafans.de\\\/pt-br\\\/#website\",\"url\":\"https:\\\/\\\/www.suedamerikafans.de\\\/pt-br\\\/\",\"name\":\"S\u00fcdamerikafans\",\"description\":\"... e f\u00e3s de peixe-gato\",\"publisher\":{\"@id\":\"https:\\\/\\\/www.suedamerikafans.de\\\/pt-br\\\/#\\\/schema\\\/person\\\/a12b5fd2644a8b700e5f1c1c6afc2e43\"},\"potentialAction\":[{\"@type\":\"SearchAction\",\"target\":{\"@type\":\"EntryPoint\",\"urlTemplate\":\"https:\\\/\\\/www.suedamerikafans.de\\\/pt-br\\\/?s={search_term_string}\"},\"query-input\":{\"@type\":\"PropertyValueSpecification\",\"valueRequired\":true,\"valueName\":\"search_term_string\"}}],\"inLanguage\":\"pt-BR\"},{\"@type\":[\"Person\",\"Organization\"],\"@id\":\"https:\\\/\\\/www.suedamerikafans.de\\\/pt-br\\\/#\\\/schema\\\/person\\\/a12b5fd2644a8b700e5f1c1c6afc2e43\",\"name\":\"elko\",\"image\":{\"@type\":\"ImageObject\",\"inLanguage\":\"pt-BR\",\"@id\":\"https:\\\/\\\/www.suedamerikafans.de\\\/wp-content\\\/uploads\\\/2014\\\/08\\\/l163-600.jpg\",\"url\":\"https:\\\/\\\/www.suedamerikafans.de\\\/wp-content\\\/uploads\\\/2014\\\/08\\\/l163-600.jpg\",\"contentUrl\":\"https:\\\/\\\/www.suedamerikafans.de\\\/wp-content\\\/uploads\\\/2014\\\/08\\\/l163-600.jpg\",\"width\":1,\"height\":1,\"caption\":\"elko\"},\"logo\":{\"@id\":\"https:\\\/\\\/www.suedamerikafans.de\\\/wp-content\\\/uploads\\\/2014\\\/08\\\/l163-600.jpg\"}}]}<\/script>\n<!-- \/ Yoast SEO plugin. -->","yoast_head_json":{"title":"G&ecirc;nero - Siluriformes simp&aacute;tricos","description":"Os Siluriformes n\u00e3o ocorre sozinho nas \u00e1guas. V\u00e1rios tipos de peixes s\u00e3o simp\u00e1tricos. Voc\u00ea conhece os Siluriformes que s\u00e3o simp\u00e1ticos ao g\u00eanero dos peixes?","robots":{"index":"index","follow":"follow","max-snippet":"max-snippet:-1","max-image-preview":"max-image-preview:large","max-video-preview":"max-video-preview:-1"},"canonical":"https:\/\/www.suedamerikafans.de\/pt-br\/wels-datenbank\/welse-sympatrisch-zur-gattung\/?gattung_name=","og_locale":"pt_BR","og_type":"article","og_title":"G&ecirc;nero - Siluriformes simp&aacute;tricos","og_description":"Os Siluriformes n\u00e3o ocorre sozinho nas \u00e1guas. V\u00e1rios tipos de peixes s\u00e3o simp\u00e1tricos. Voc\u00ea conhece os Siluriformes que s\u00e3o simp\u00e1ticos ao g\u00eanero dos peixes?","og_url":"https:\/\/www.suedamerikafans.de\/pt-br\/wels-datenbank\/welse-sympatrisch-zur-gattung\/","og_site_name":"F\u00e3ns da Am\u00e9rica do Sul","twitter_card":"summary_large_image","schema":{"@context":"https:\/\/schema.org","@graph":[{"@type":"WebPage","@id":"https:\/\/www.suedamerikafans.de\/pt-br\/wels-datenbank\/welse-sympatrisch-zur-gattung\/","url":"https:\/\/www.suedamerikafans.de\/pt-br\/wels-datenbank\/welse-sympatrisch-zur-gattung\/","name":"Siluriformes simp\u00e1ticos ao g\u00eanero -","isPartOf":{"@id":"https:\/\/www.suedamerikafans.de\/pt-br\/#website"},"datePublished":"2019-11-07T09:50:15+00:00","description":"Os Siluriformes n\u00e3o ocorre sozinho nas \u00e1guas. V\u00e1rios tipos de peixes s\u00e3o simp\u00e1tricos. Voc\u00ea conhece os Siluriformes que s\u00e3o simp\u00e1ticos ao g\u00eanero dos peixes?","breadcrumb":{"@id":"https:\/\/www.suedamerikafans.de\/pt-br\/wels-datenbank\/welse-sympatrisch-zur-gattung\/#breadcrumb"},"inLanguage":"pt-BR","potentialAction":[{"@type":"ReadAction","target":["https:\/\/www.suedamerikafans.de\/pt-br\/wels-datenbank\/welse-sympatrisch-zur-gattung\/"]}]},{"@type":"BreadcrumbList","@id":"https:\/\/www.suedamerikafans.de\/pt-br\/wels-datenbank\/welse-sympatrisch-zur-gattung\/#breadcrumb","itemListElement":[{"@type":"ListItem","position":1,"name":"Startseite","item":"https:\/\/www.suedamerikafans.de\/pt-br\/"},{"@type":"ListItem","position":2,"name":"Datenbank Welse","item":"https:\/\/www.suedamerikafans.de\/pt-br\/wels-datenbank\/"},{"@type":"ListItem","position":3,"name":"Siluriformes simp\u00e1ticos ao g\u00eanero"}]},{"@type":"WebSite","@id":"https:\/\/www.suedamerikafans.de\/pt-br\/#website","url":"https:\/\/www.suedamerikafans.de\/pt-br\/","name":"S\u00fcdamerikafans","description":"... e f\u00e3s de peixe-gato","publisher":{"@id":"https:\/\/www.suedamerikafans.de\/pt-br\/#\/schema\/person\/a12b5fd2644a8b700e5f1c1c6afc2e43"},"potentialAction":[{"@type":"SearchAction","target":{"@type":"EntryPoint","urlTemplate":"https:\/\/www.suedamerikafans.de\/pt-br\/?s={search_term_string}"},"query-input":{"@type":"PropertyValueSpecification","valueRequired":true,"valueName":"search_term_string"}}],"inLanguage":"pt-BR"},{"@type":["Person","Organization"],"@id":"https:\/\/www.suedamerikafans.de\/pt-br\/#\/schema\/person\/a12b5fd2644a8b700e5f1c1c6afc2e43","name":"elko","image":{"@type":"ImageObject","inLanguage":"pt-BR","@id":"https:\/\/www.suedamerikafans.de\/wp-content\/uploads\/2014\/08\/l163-600.jpg","url":"https:\/\/www.suedamerikafans.de\/wp-content\/uploads\/2014\/08\/l163-600.jpg","contentUrl":"https:\/\/www.suedamerikafans.de\/wp-content\/uploads\/2014\/08\/l163-600.jpg","width":1,"height":1,"caption":"elko"},"logo":{"@id":"https:\/\/www.suedamerikafans.de\/wp-content\/uploads\/2014\/08\/l163-600.jpg"}}]}},"_links":{"self":[{"href":"https:\/\/www.suedamerikafans.de\/pt-br\/wp-json\/wp\/v2\/pages\/49631","targetHints":{"allow":["GET"]}}],"collection":[{"href":"https:\/\/www.suedamerikafans.de\/pt-br\/wp-json\/wp\/v2\/pages"}],"about":[{"href":"https:\/\/www.suedamerikafans.de\/pt-br\/wp-json\/wp\/v2\/types\/page"}],"author":[{"embeddable":true,"href":"https:\/\/www.suedamerikafans.de\/pt-br\/wp-json\/wp\/v2\/users\/1"}],"replies":[{"embeddable":true,"href":"https:\/\/www.suedamerikafans.de\/pt-br\/wp-json\/wp\/v2\/comments?post=49631"}],"version-history":[{"count":0,"href":"https:\/\/www.suedamerikafans.de\/pt-br\/wp-json\/wp\/v2\/pages\/49631\/revisions"}],"up":[{"embeddable":true,"href":"https:\/\/www.suedamerikafans.de\/pt-br\/wp-json\/wp\/v2\/pages\/41492"}],"wp:attachment":[{"href":"https:\/\/www.suedamerikafans.de\/pt-br\/wp-json\/wp\/v2\/media?parent=49631"}],"curies":[{"name":"wp","href":"https:\/\/api.w.org\/{rel}","templated":true}]}}