{"id":51843,"date":"2020-12-06T12:24:36","date_gmt":"2020-12-06T11:24:36","guid":{"rendered":"https:\/\/www.suedamerikafans.de\/?page_id=51843"},"modified":"2020-12-06T12:48:16","modified_gmt":"2020-12-06T11:48:16","slug":"alphabetischer-wels-index","status":"publish","type":"page","link":"https:\/\/www.suedamerikafans.de\/es\/alphabetischer-wels-index\/","title":{"rendered":"\u00cdndice alfab\u00e9tico de Siluriformes"},"content":{"rendered":"<br \/>Widget not in any sidebars<br \/>\n","protected":false},"excerpt":{"rendered":"Widget not in any sidebars","protected":false},"author":1,"featured_media":0,"parent":0,"menu_order":0,"comment_status":"closed","ping_status":"closed","template":"","meta":{"om_disable_all_campaigns":false,"_monsterinsights_skip_tracking":false,"_monsterinsights_sitenote_active":false,"_monsterinsights_sitenote_note":"","_monsterinsights_sitenote_category":0,"ngg_post_thumbnail":0,"footnotes":""},"class_list":["post-51843","page","type-page","status-publish","hentry"],"yoast_head":"<!-- This site is optimized with the Yoast SEO plugin v27.5 - https:\/\/yoast.com\/product\/yoast-seo-wordpress\/ -->\n<title>\u00cdndice alfab\u00e9tico de Siluriformes - S&uuml;damerikafans<\/title>\n<meta name=\"description\" content=\"Alphabetische Liste aller s\u00fcdamerikanischer Welse in der Datenbank\" \/>\n<meta name=\"robots\" content=\"index, follow, max-snippet:-1, max-image-preview:large, max-video-preview:-1\" \/>\n<link rel=\"canonical\" href=\"https:\/\/www.suedamerikafans.de\/es\/alphabetischer-wels-index\/\" \/>\n<meta property=\"og:locale\" content=\"es_ES\" \/>\n<meta property=\"og:type\" content=\"article\" \/>\n<meta property=\"og:title\" content=\"\u00cdndice alfab\u00e9tico de Siluriformes - S&uuml;damerikafans\" \/>\n<meta property=\"og:description\" content=\"Alphabetische Liste aller s\u00fcdamerikanischer Welse in der Datenbank\" \/>\n<meta property=\"og:url\" content=\"https:\/\/www.suedamerikafans.de\/es\/alphabetischer-wels-index\/\" \/>\n<meta property=\"og:site_name\" content=\"Fans de Am\u00e9rica del Sur\" \/>\n<meta property=\"article:modified_time\" content=\"2020-12-06T11:48:16+00:00\" \/>\n<meta name=\"twitter:card\" content=\"summary_large_image\" \/>\n<script type=\"application\/ld+json\" class=\"yoast-schema-graph\">{\"@context\":\"https:\\\/\\\/schema.org\",\"@graph\":[{\"@type\":\"WebPage\",\"@id\":\"https:\\\/\\\/www.suedamerikafans.de\\\/es\\\/alphabetischer-wels-index\\\/\",\"url\":\"https:\\\/\\\/www.suedamerikafans.de\\\/es\\\/alphabetischer-wels-index\\\/\",\"name\":\"\u00cdndice alfab\u00e9tico de Siluriformes -\",\"isPartOf\":{\"@id\":\"https:\\\/\\\/www.suedamerikafans.de\\\/es\\\/#website\"},\"datePublished\":\"2020-12-06T11:24:36+00:00\",\"dateModified\":\"2020-12-06T11:48:16+00:00\",\"description\":\"Alphabetische Liste aller s\u00fcdamerikanischer Welse in der Datenbank\",\"breadcrumb\":{\"@id\":\"https:\\\/\\\/www.suedamerikafans.de\\\/es\\\/alphabetischer-wels-index\\\/#breadcrumb\"},\"inLanguage\":\"es\",\"potentialAction\":[{\"@type\":\"ReadAction\",\"target\":[\"https:\\\/\\\/www.suedamerikafans.de\\\/es\\\/alphabetischer-wels-index\\\/\"]}]},{\"@type\":\"BreadcrumbList\",\"@id\":\"https:\\\/\\\/www.suedamerikafans.de\\\/es\\\/alphabetischer-wels-index\\\/#breadcrumb\",\"itemListElement\":[{\"@type\":\"ListItem\",\"position\":1,\"name\":\"Startseite\",\"item\":\"https:\\\/\\\/www.suedamerikafans.de\\\/es\\\/\"},{\"@type\":\"ListItem\",\"position\":2,\"name\":\"\u00cdndice alfab\u00e9tico de Siluriformes\"}]},{\"@type\":\"WebSite\",\"@id\":\"https:\\\/\\\/www.suedamerikafans.de\\\/es\\\/#website\",\"url\":\"https:\\\/\\\/www.suedamerikafans.de\\\/es\\\/\",\"name\":\"S\u00fcdamerikafans\",\"description\":\"... y fan\u00e1ticos del bagre\",\"publisher\":{\"@id\":\"https:\\\/\\\/www.suedamerikafans.de\\\/es\\\/#\\\/schema\\\/person\\\/a12b5fd2644a8b700e5f1c1c6afc2e43\"},\"potentialAction\":[{\"@type\":\"SearchAction\",\"target\":{\"@type\":\"EntryPoint\",\"urlTemplate\":\"https:\\\/\\\/www.suedamerikafans.de\\\/es\\\/?s={search_term_string}\"},\"query-input\":{\"@type\":\"PropertyValueSpecification\",\"valueRequired\":true,\"valueName\":\"search_term_string\"}}],\"inLanguage\":\"es\"},{\"@type\":[\"Person\",\"Organization\"],\"@id\":\"https:\\\/\\\/www.suedamerikafans.de\\\/es\\\/#\\\/schema\\\/person\\\/a12b5fd2644a8b700e5f1c1c6afc2e43\",\"name\":\"elko\",\"image\":{\"@type\":\"ImageObject\",\"inLanguage\":\"es\",\"@id\":\"https:\\\/\\\/www.suedamerikafans.de\\\/wp-content\\\/uploads\\\/2014\\\/08\\\/l163-600.jpg\",\"url\":\"https:\\\/\\\/www.suedamerikafans.de\\\/wp-content\\\/uploads\\\/2014\\\/08\\\/l163-600.jpg\",\"contentUrl\":\"https:\\\/\\\/www.suedamerikafans.de\\\/wp-content\\\/uploads\\\/2014\\\/08\\\/l163-600.jpg\",\"width\":1,\"height\":1,\"caption\":\"elko\"},\"logo\":{\"@id\":\"https:\\\/\\\/www.suedamerikafans.de\\\/wp-content\\\/uploads\\\/2014\\\/08\\\/l163-600.jpg\"}}]}<\/script>\n<!-- \/ Yoast SEO plugin. -->","yoast_head_json":{"title":"\u00cdndice alfab\u00e9tico de Siluriformes - S&uuml;damerikafans","description":"Alphabetische Liste aller s\u00fcdamerikanischer Welse in der Datenbank","robots":{"index":"index","follow":"follow","max-snippet":"max-snippet:-1","max-image-preview":"max-image-preview:large","max-video-preview":"max-video-preview:-1"},"canonical":"https:\/\/www.suedamerikafans.de\/es\/alphabetischer-wels-index\/","og_locale":"es_ES","og_type":"article","og_title":"\u00cdndice alfab\u00e9tico de Siluriformes - S&uuml;damerikafans","og_description":"Alphabetische Liste aller s\u00fcdamerikanischer Welse in der Datenbank","og_url":"https:\/\/www.suedamerikafans.de\/es\/alphabetischer-wels-index\/","og_site_name":"Fans de Am\u00e9rica del Sur","article_modified_time":"2020-12-06T11:48:16+00:00","twitter_card":"summary_large_image","schema":{"@context":"https:\/\/schema.org","@graph":[{"@type":"WebPage","@id":"https:\/\/www.suedamerikafans.de\/es\/alphabetischer-wels-index\/","url":"https:\/\/www.suedamerikafans.de\/es\/alphabetischer-wels-index\/","name":"\u00cdndice alfab\u00e9tico de Siluriformes -","isPartOf":{"@id":"https:\/\/www.suedamerikafans.de\/es\/#website"},"datePublished":"2020-12-06T11:24:36+00:00","dateModified":"2020-12-06T11:48:16+00:00","description":"Alphabetische Liste aller s\u00fcdamerikanischer Welse in der Datenbank","breadcrumb":{"@id":"https:\/\/www.suedamerikafans.de\/es\/alphabetischer-wels-index\/#breadcrumb"},"inLanguage":"es","potentialAction":[{"@type":"ReadAction","target":["https:\/\/www.suedamerikafans.de\/es\/alphabetischer-wels-index\/"]}]},{"@type":"BreadcrumbList","@id":"https:\/\/www.suedamerikafans.de\/es\/alphabetischer-wels-index\/#breadcrumb","itemListElement":[{"@type":"ListItem","position":1,"name":"Startseite","item":"https:\/\/www.suedamerikafans.de\/es\/"},{"@type":"ListItem","position":2,"name":"\u00cdndice alfab\u00e9tico de Siluriformes"}]},{"@type":"WebSite","@id":"https:\/\/www.suedamerikafans.de\/es\/#website","url":"https:\/\/www.suedamerikafans.de\/es\/","name":"S\u00fcdamerikafans","description":"... y fan\u00e1ticos del bagre","publisher":{"@id":"https:\/\/www.suedamerikafans.de\/es\/#\/schema\/person\/a12b5fd2644a8b700e5f1c1c6afc2e43"},"potentialAction":[{"@type":"SearchAction","target":{"@type":"EntryPoint","urlTemplate":"https:\/\/www.suedamerikafans.de\/es\/?s={search_term_string}"},"query-input":{"@type":"PropertyValueSpecification","valueRequired":true,"valueName":"search_term_string"}}],"inLanguage":"es"},{"@type":["Person","Organization"],"@id":"https:\/\/www.suedamerikafans.de\/es\/#\/schema\/person\/a12b5fd2644a8b700e5f1c1c6afc2e43","name":"elko","image":{"@type":"ImageObject","inLanguage":"es","@id":"https:\/\/www.suedamerikafans.de\/wp-content\/uploads\/2014\/08\/l163-600.jpg","url":"https:\/\/www.suedamerikafans.de\/wp-content\/uploads\/2014\/08\/l163-600.jpg","contentUrl":"https:\/\/www.suedamerikafans.de\/wp-content\/uploads\/2014\/08\/l163-600.jpg","width":1,"height":1,"caption":"elko"},"logo":{"@id":"https:\/\/www.suedamerikafans.de\/wp-content\/uploads\/2014\/08\/l163-600.jpg"}}]}},"_links":{"self":[{"href":"https:\/\/www.suedamerikafans.de\/es\/wp-json\/wp\/v2\/pages\/51843","targetHints":{"allow":["GET"]}}],"collection":[{"href":"https:\/\/www.suedamerikafans.de\/es\/wp-json\/wp\/v2\/pages"}],"about":[{"href":"https:\/\/www.suedamerikafans.de\/es\/wp-json\/wp\/v2\/types\/page"}],"author":[{"embeddable":true,"href":"https:\/\/www.suedamerikafans.de\/es\/wp-json\/wp\/v2\/users\/1"}],"replies":[{"embeddable":true,"href":"https:\/\/www.suedamerikafans.de\/es\/wp-json\/wp\/v2\/comments?post=51843"}],"version-history":[{"count":0,"href":"https:\/\/www.suedamerikafans.de\/es\/wp-json\/wp\/v2\/pages\/51843\/revisions"}],"wp:attachment":[{"href":"https:\/\/www.suedamerikafans.de\/es\/wp-json\/wp\/v2\/media?parent=51843"}],"curies":[{"name":"wp","href":"https:\/\/api.w.org\/{rel}","templated":true}]}}