{"id":34139,"date":"2018-12-02T09:37:55","date_gmt":"2018-12-02T08:37:55","guid":{"rendered":"https:\/\/www.suedamerikafans.de\/es\/wels-datenbank\/haeufige-anfragen-an-die-welsdatenbank\/"},"modified":"2018-07-14T13:46:32","modified_gmt":"2018-07-14T11:46:32","slug":"haeufige-anfragen-an-die-welsdatenbank","status":"publish","type":"page","link":"https:\/\/www.suedamerikafans.de\/es\/wels-datenbank\/haeufige-anfragen-an-die-welsdatenbank\/","title":{"rendered":"B\u00fasquedas frecuentes a la base de datos"},"content":{"rendered":"<section class=\"wpb-content-wrapper\"><p>[vc_row][vc_column][vc_column_text]<div id='txtHgd'><ol><li><a href='https:\/\/www.suedamerikafans.de\/es\/wels-datenbank\/welsefaq\/?db_faq=gefaehrdete_l-welse'>\u00bfCu\u00e1l loricaridos se consideran en peligro de extinci\u00f3n o extintas? (referente a UICN)?<\/a><\/li><li><a href='https:\/\/www.suedamerikafans.de\/es\/wels-datenbank\/welsefaq\/?db_faq=legaler_export_l-welse_brasilien'>\u00bfCu\u00e1l loricaridos podr\u00e1n ser exportados legalmente de Brasil?<\/a><\/li><li><a href='https:\/\/www.suedamerikafans.de\/es\/wels-datenbank\/welsefaq\/?db_faq=l-welse-min'>\u00bfCu\u00e1les son los Loricariidae m\u00e1s peque\u00f1os?<\/a><\/li><li><a href='https:\/\/www.suedamerikafans.de\/es\/wels-datenbank\/welsefaq\/?db_faq=hypostominae-min'>\u00bfCu\u00e1les son los Hypostominae m\u00e1s peque\u00f1os?<\/a><\/li><li><a href='https:\/\/www.suedamerikafans.de\/es\/wels-datenbank\/welsefaq\/?db_faq=l-welse-max'>\u00bfCu\u00e1les son los Loricariidae m\u00e1s grandes?<\/a><\/li><li><a href='https:\/\/www.suedamerikafans.de\/es\/wels-datenbank\/welsefaq\/?db_faq=harnischwelse-xingu'>\u00bfCu\u00e1les loricaridos son del rio Xingu?<\/a><\/li><li><a href='https:\/\/www.suedamerikafans.de\/es\/wels-datenbank\/welsefaq\/?db_faq=hypancistrus-xingu'>\u00bfCu\u00e1les Hypancistrus son del rio Xingu?<\/a><\/li><li><a href='https:\/\/www.suedamerikafans.de\/es\/wels-datenbank\/welsefaq\/?db_faq=gestreifte-hypancistrus'>\u00bfCu\u00e1les Hyancistrus rayas existen?<\/a><\/li><li><a href='https:\/\/www.suedamerikafans.de\/es\/wels-datenbank\/welsefaq\/?db_faq=wurmlinien-hypancistrus'>\u00bfCu\u00e1les Hypancistrus con l\u00edneas como un gusano existen?<\/a><\/li><li><a href='https:\/\/www.suedamerikafans.de\/es\/wels-datenbank\/welsefaq\/?db_faq=l-welse_80-cm-aquarium'>\u00bfCu\u00e1les loricaridos mantenemos en un acuario de 80 cm?<\/a><\/li><li><a href='https:\/\/www.suedamerikafans.de\/es\/wels-datenbank\/welsefaq\/?db_faq=l-welse_80-cm-aquarium_importe-letzte-6-monate'>What pleco can we care for in a tank of 80 cm? (with respect to actual stocklists)<\/a><\/li><li><a href='https:\/\/www.suedamerikafans.de\/es\/wels-datenbank\/welsefaq\/?db_faq=l-welse_100-cm-aquarium'>\u00bfCu\u00e1les loricaridos mantenemos en un acuario de 100 cm?<\/a><\/li><li><a href='https:\/\/www.suedamerikafans.de\/es\/wels-datenbank\/welsefaq\/?db_faq=l-welse_100-cm-aquarium_importe-letzte-6-monate'>What pleco can we care for in a tank of 100 cm? (with respect to actual stocklists)<\/a><\/li><li><a href='https:\/\/www.suedamerikafans.de\/es\/wels-datenbank\/welsefaq\/?db_faq=welse_reale_hoehle'>\u00bfQu\u00e9 Siluriformes de Am\u00e9rica del Sur viven en cuevas?<\/a><\/li><li><a href='https:\/\/www.suedamerikafans.de\/es\/wels-datenbank\/welsefaq\/?db_faq=l-welse_reale_hoehle'>\u00bfQu\u00e9 Loricariidae viven en cuevas?<\/a><\/li><li><a href='https:\/\/www.suedamerikafans.de\/es\/wels-datenbank\/welsefaq\/?db_faq=l-welse-brackwasser'>\u00bfHay Loricariidae en agua salobre?<\/a><\/li><\/ol><\/div>[\/vc_column_text][\/vc_column][\/vc_row][vc_row css=\u00bb.vc_custom_1479229172879{margin-top: 15px !important;margin-bottom: 15px !important;border-top-width: 3px !important;border-right-width: 3px !important;border-bottom-width: 3px !important;border-left-width: 3px !important;padding-top: 5px !important;padding-bottom: 5px !important;border-left-color: #66afa2 !important;border-left-style: solid !important;border-right-color: #66afa2 !important;border-right-style: solid !important;border-top-color: #66afa2 !important;border-top-style: solid !important;border-bottom-color: #66afa2 !important;border-bottom-style: solid !important;}\u00bb][vc_column][vc_column_text css=\u00bb.vc_custom_1479229368023{margin-top: 5px !important;margin-bottom: 5px !important;}\u00bb]<\/p>\n<p style=\"text-align: center;\"><a href=\"https:\/\/www.suedamerikafans.de\/wels-datenbank\/finden\/\" target=\"_blank\" rel=\"noopener\"><strong>La base de datos de Siluriformes &#8211; preguntas propias<\/strong><\/a><\/p>\n<p>[\/vc_column_text][\/vc_column][\/vc_row]<\/p>\n<\/section>","protected":false},"excerpt":{"rendered":"<p>[vc_row][vc_column][vc_column_text][\/vc_column_text][\/vc_column][\/vc_row][vc_row css=\u00bb.vc_custom_1479229172879{margin-top: 15px !important;margin-bottom: 15px !important;border-top-width: 3px !important;border-right-width: 3px !important;border-bottom-width: 3px !important;border-left-width: 3px !important;padding-top: 5px !important;padding-bottom: 5px !important;border-left-color: #66afa2 !important;border-left-style: [&hellip;]<\/p>\n","protected":false},"author":1,"featured_media":0,"parent":11839,"menu_order":0,"comment_status":"open","ping_status":"closed","template":"","meta":{"om_disable_all_campaigns":false,"_monsterinsights_skip_tracking":false,"_monsterinsights_sitenote_active":false,"_monsterinsights_sitenote_note":"","_monsterinsights_sitenote_category":0,"ngg_post_thumbnail":0,"footnotes":""},"class_list":["post-34139","page","type-page","status-publish","hentry"],"yoast_head":"<!-- This site is optimized with the Yoast SEO plugin v27.3 - https:\/\/yoast.com\/product\/yoast-seo-wordpress\/ -->\n<title>B\u00fasquedas frecuentes a la base de datos - S&uuml;damerikafans<\/title>\n<meta name=\"description\" content=\"B\u00fasquedas frecuentes que la base de datos pode contestar. \u00bfConoces todas las respuestas?\" \/>\n<meta name=\"robots\" content=\"index, follow, max-snippet:-1, max-image-preview:large, max-video-preview:-1\" \/>\n<link rel=\"canonical\" href=\"https:\/\/www.suedamerikafans.de\/es\/wels-datenbank\/haeufige-anfragen-an-die-welsdatenbank\/\" \/>\n<meta property=\"og:locale\" content=\"es_ES\" \/>\n<meta property=\"og:type\" content=\"article\" \/>\n<meta property=\"og:title\" content=\"B\u00fasquedas frecuentes a la base de datos - S&uuml;damerikafans\" \/>\n<meta property=\"og:description\" content=\"B\u00fasquedas frecuentes que la base de datos pode contestar. \u00bfConoces todas las respuestas?\" \/>\n<meta property=\"og:url\" content=\"https:\/\/www.suedamerikafans.de\/es\/wels-datenbank\/haeufige-anfragen-an-die-welsdatenbank\/\" \/>\n<meta property=\"og:site_name\" content=\"Fans de Am\u00e9rica del Sur\" \/>\n<meta name=\"twitter:card\" content=\"summary_large_image\" \/>\n<meta name=\"twitter:label1\" content=\"Tiempo de lectura\" \/>\n\t<meta name=\"twitter:data1\" content=\"1 minuto\" \/>\n<script type=\"application\/ld+json\" class=\"yoast-schema-graph\">{\"@context\":\"https:\\\/\\\/schema.org\",\"@graph\":[{\"@type\":\"WebPage\",\"@id\":\"https:\\\/\\\/www.suedamerikafans.de\\\/es\\\/wels-datenbank\\\/haeufige-anfragen-an-die-welsdatenbank\\\/\",\"url\":\"https:\\\/\\\/www.suedamerikafans.de\\\/es\\\/wels-datenbank\\\/haeufige-anfragen-an-die-welsdatenbank\\\/\",\"name\":\"B\u00fasquedas frecuentes a la base de datos -\",\"isPartOf\":{\"@id\":\"https:\\\/\\\/www.suedamerikafans.de\\\/es\\\/#website\"},\"datePublished\":\"2018-12-02T08:37:55+00:00\",\"description\":\"B\u00fasquedas frecuentes que la base de datos pode contestar. \u00bfConoces todas las respuestas?\",\"breadcrumb\":{\"@id\":\"https:\\\/\\\/www.suedamerikafans.de\\\/es\\\/wels-datenbank\\\/haeufige-anfragen-an-die-welsdatenbank\\\/#breadcrumb\"},\"inLanguage\":\"es\",\"potentialAction\":[{\"@type\":\"ReadAction\",\"target\":[\"https:\\\/\\\/www.suedamerikafans.de\\\/es\\\/wels-datenbank\\\/haeufige-anfragen-an-die-welsdatenbank\\\/\"]}]},{\"@type\":\"BreadcrumbList\",\"@id\":\"https:\\\/\\\/www.suedamerikafans.de\\\/es\\\/wels-datenbank\\\/haeufige-anfragen-an-die-welsdatenbank\\\/#breadcrumb\",\"itemListElement\":[{\"@type\":\"ListItem\",\"position\":1,\"name\":\"Startseite\",\"item\":\"https:\\\/\\\/www.suedamerikafans.de\\\/es\\\/\"},{\"@type\":\"ListItem\",\"position\":2,\"name\":\"Base de datos\",\"item\":\"https:\\\/\\\/www.suedamerikafans.de\\\/es\\\/wels-datenbank\\\/\"},{\"@type\":\"ListItem\",\"position\":3,\"name\":\"B\u00fasquedas frecuentes a la base de datos\"}]},{\"@type\":\"WebSite\",\"@id\":\"https:\\\/\\\/www.suedamerikafans.de\\\/es\\\/#website\",\"url\":\"https:\\\/\\\/www.suedamerikafans.de\\\/es\\\/\",\"name\":\"S\u00fcdamerikafans\",\"description\":\"... y fan\u00e1ticos del bagre\",\"publisher\":{\"@id\":\"https:\\\/\\\/www.suedamerikafans.de\\\/es\\\/#\\\/schema\\\/person\\\/a12b5fd2644a8b700e5f1c1c6afc2e43\"},\"potentialAction\":[{\"@type\":\"SearchAction\",\"target\":{\"@type\":\"EntryPoint\",\"urlTemplate\":\"https:\\\/\\\/www.suedamerikafans.de\\\/es\\\/?s={search_term_string}\"},\"query-input\":{\"@type\":\"PropertyValueSpecification\",\"valueRequired\":true,\"valueName\":\"search_term_string\"}}],\"inLanguage\":\"es\"},{\"@type\":[\"Person\",\"Organization\"],\"@id\":\"https:\\\/\\\/www.suedamerikafans.de\\\/es\\\/#\\\/schema\\\/person\\\/a12b5fd2644a8b700e5f1c1c6afc2e43\",\"name\":\"elko\",\"image\":{\"@type\":\"ImageObject\",\"inLanguage\":\"es\",\"@id\":\"https:\\\/\\\/www.suedamerikafans.de\\\/wp-content\\\/uploads\\\/2014\\\/08\\\/l163-600.jpg\",\"url\":\"https:\\\/\\\/www.suedamerikafans.de\\\/wp-content\\\/uploads\\\/2014\\\/08\\\/l163-600.jpg\",\"contentUrl\":\"https:\\\/\\\/www.suedamerikafans.de\\\/wp-content\\\/uploads\\\/2014\\\/08\\\/l163-600.jpg\",\"width\":1,\"height\":1,\"caption\":\"elko\"},\"logo\":{\"@id\":\"https:\\\/\\\/www.suedamerikafans.de\\\/wp-content\\\/uploads\\\/2014\\\/08\\\/l163-600.jpg\"}}]}<\/script>\n<!-- \/ Yoast SEO plugin. -->","yoast_head_json":{"title":"B\u00fasquedas frecuentes a la base de datos - S&uuml;damerikafans","description":"B\u00fasquedas frecuentes que la base de datos pode contestar. \u00bfConoces todas las respuestas?","robots":{"index":"index","follow":"follow","max-snippet":"max-snippet:-1","max-image-preview":"max-image-preview:large","max-video-preview":"max-video-preview:-1"},"canonical":"https:\/\/www.suedamerikafans.de\/es\/wels-datenbank\/haeufige-anfragen-an-die-welsdatenbank\/","og_locale":"es_ES","og_type":"article","og_title":"B\u00fasquedas frecuentes a la base de datos - S&uuml;damerikafans","og_description":"B\u00fasquedas frecuentes que la base de datos pode contestar. \u00bfConoces todas las respuestas?","og_url":"https:\/\/www.suedamerikafans.de\/es\/wels-datenbank\/haeufige-anfragen-an-die-welsdatenbank\/","og_site_name":"Fans de Am\u00e9rica del Sur","twitter_card":"summary_large_image","twitter_misc":{"Tiempo de lectura":"1 minuto"},"schema":{"@context":"https:\/\/schema.org","@graph":[{"@type":"WebPage","@id":"https:\/\/www.suedamerikafans.de\/es\/wels-datenbank\/haeufige-anfragen-an-die-welsdatenbank\/","url":"https:\/\/www.suedamerikafans.de\/es\/wels-datenbank\/haeufige-anfragen-an-die-welsdatenbank\/","name":"B\u00fasquedas frecuentes a la base de datos -","isPartOf":{"@id":"https:\/\/www.suedamerikafans.de\/es\/#website"},"datePublished":"2018-12-02T08:37:55+00:00","description":"B\u00fasquedas frecuentes que la base de datos pode contestar. \u00bfConoces todas las respuestas?","breadcrumb":{"@id":"https:\/\/www.suedamerikafans.de\/es\/wels-datenbank\/haeufige-anfragen-an-die-welsdatenbank\/#breadcrumb"},"inLanguage":"es","potentialAction":[{"@type":"ReadAction","target":["https:\/\/www.suedamerikafans.de\/es\/wels-datenbank\/haeufige-anfragen-an-die-welsdatenbank\/"]}]},{"@type":"BreadcrumbList","@id":"https:\/\/www.suedamerikafans.de\/es\/wels-datenbank\/haeufige-anfragen-an-die-welsdatenbank\/#breadcrumb","itemListElement":[{"@type":"ListItem","position":1,"name":"Startseite","item":"https:\/\/www.suedamerikafans.de\/es\/"},{"@type":"ListItem","position":2,"name":"Base de datos","item":"https:\/\/www.suedamerikafans.de\/es\/wels-datenbank\/"},{"@type":"ListItem","position":3,"name":"B\u00fasquedas frecuentes a la base de datos"}]},{"@type":"WebSite","@id":"https:\/\/www.suedamerikafans.de\/es\/#website","url":"https:\/\/www.suedamerikafans.de\/es\/","name":"S\u00fcdamerikafans","description":"... y fan\u00e1ticos del bagre","publisher":{"@id":"https:\/\/www.suedamerikafans.de\/es\/#\/schema\/person\/a12b5fd2644a8b700e5f1c1c6afc2e43"},"potentialAction":[{"@type":"SearchAction","target":{"@type":"EntryPoint","urlTemplate":"https:\/\/www.suedamerikafans.de\/es\/?s={search_term_string}"},"query-input":{"@type":"PropertyValueSpecification","valueRequired":true,"valueName":"search_term_string"}}],"inLanguage":"es"},{"@type":["Person","Organization"],"@id":"https:\/\/www.suedamerikafans.de\/es\/#\/schema\/person\/a12b5fd2644a8b700e5f1c1c6afc2e43","name":"elko","image":{"@type":"ImageObject","inLanguage":"es","@id":"https:\/\/www.suedamerikafans.de\/wp-content\/uploads\/2014\/08\/l163-600.jpg","url":"https:\/\/www.suedamerikafans.de\/wp-content\/uploads\/2014\/08\/l163-600.jpg","contentUrl":"https:\/\/www.suedamerikafans.de\/wp-content\/uploads\/2014\/08\/l163-600.jpg","width":1,"height":1,"caption":"elko"},"logo":{"@id":"https:\/\/www.suedamerikafans.de\/wp-content\/uploads\/2014\/08\/l163-600.jpg"}}]}},"_links":{"self":[{"href":"https:\/\/www.suedamerikafans.de\/es\/wp-json\/wp\/v2\/pages\/34139","targetHints":{"allow":["GET"]}}],"collection":[{"href":"https:\/\/www.suedamerikafans.de\/es\/wp-json\/wp\/v2\/pages"}],"about":[{"href":"https:\/\/www.suedamerikafans.de\/es\/wp-json\/wp\/v2\/types\/page"}],"author":[{"embeddable":true,"href":"https:\/\/www.suedamerikafans.de\/es\/wp-json\/wp\/v2\/users\/1"}],"replies":[{"embeddable":true,"href":"https:\/\/www.suedamerikafans.de\/es\/wp-json\/wp\/v2\/comments?post=34139"}],"version-history":[{"count":0,"href":"https:\/\/www.suedamerikafans.de\/es\/wp-json\/wp\/v2\/pages\/34139\/revisions"}],"up":[{"embeddable":true,"href":"https:\/\/www.suedamerikafans.de\/es\/wp-json\/wp\/v2\/pages\/11839"}],"wp:attachment":[{"href":"https:\/\/www.suedamerikafans.de\/es\/wp-json\/wp\/v2\/media?parent=34139"}],"curies":[{"name":"wp","href":"https:\/\/api.w.org\/{rel}","templated":true}]}}