{"id":11829,"date":"2020-06-21T10:10:20","date_gmt":"2020-06-21T08:10:20","guid":{"rendered":"https:\/\/www.suedamerikafans.de\/maulstudien-2\/"},"modified":"2016-08-03T19:33:28","modified_gmt":"2016-08-03T17:33:28","slug":"maulstudien","status":"publish","type":"page","link":"https:\/\/www.suedamerikafans.de\/es\/wels-datenbank\/maulstudien\/","title":{"rendered":"Bocas de Loricaridos"},"content":{"rendered":"","protected":false},"excerpt":{"rendered":"","protected":false},"author":1,"featured_media":0,"parent":11839,"menu_order":235,"comment_status":"open","ping_status":"closed","template":"db_welse_maulstudien_vc.php","meta":{"om_disable_all_campaigns":false,"_monsterinsights_skip_tracking":false,"_monsterinsights_sitenote_active":false,"_monsterinsights_sitenote_note":"","_monsterinsights_sitenote_category":0,"ngg_post_thumbnail":0,"footnotes":""},"class_list":["post-11829","page","type-page","status-publish","hentry"],"yoast_head":"<!-- This site is optimized with the Yoast SEO plugin v27.3 - https:\/\/yoast.com\/product\/yoast-seo-wordpress\/ -->\n<title>Bocas de Loricaridos - Welsfans<\/title>\n<meta name=\"description\" content=\"Las diversas formas de la boca y los dientes de Loric\u00e1ridos son muy \u00fatiles en la determinaci\u00f3n de g\u00e9nero y especie. \u00bfPuedes ver las diferencias?\" \/>\n<meta name=\"robots\" content=\"index, follow, max-snippet:-1, max-image-preview:large, max-video-preview:-1\" \/>\n<link rel=\"canonical\" href=\"https:\/\/www.suedamerikafans.de\/es\/wels-datenbank\/maulstudien\/\" \/>\n<meta property=\"og:locale\" content=\"es_ES\" \/>\n<meta property=\"og:type\" content=\"article\" \/>\n<meta property=\"og:title\" content=\"Bocas de Loricaridos - Welsfans\" \/>\n<meta property=\"og:description\" content=\"Las diversas formas de la boca y los dientes de Loric\u00e1ridos son muy \u00fatiles en la determinaci\u00f3n de g\u00e9nero y especie. \u00bfPuedes ver las diferencias?\" \/>\n<meta property=\"og:url\" content=\"https:\/\/www.suedamerikafans.de\/es\/wels-datenbank\/maulstudien\/\" \/>\n<meta property=\"og:site_name\" content=\"Fans de Am\u00e9rica del Sur\" \/>\n<meta name=\"twitter:card\" content=\"summary_large_image\" \/>\n<script type=\"application\/ld+json\" class=\"yoast-schema-graph\">{\"@context\":\"https:\\\/\\\/schema.org\",\"@graph\":[{\"@type\":\"WebPage\",\"@id\":\"https:\\\/\\\/www.suedamerikafans.de\\\/es\\\/wels-datenbank\\\/maulstudien\\\/\",\"url\":\"https:\\\/\\\/www.suedamerikafans.de\\\/es\\\/wels-datenbank\\\/maulstudien\\\/\",\"name\":\"Bocas de Loricaridos - Welsfans\",\"isPartOf\":{\"@id\":\"https:\\\/\\\/www.suedamerikafans.de\\\/es\\\/#website\"},\"datePublished\":\"2020-06-21T08:10:20+00:00\",\"description\":\"Las diversas formas de la boca y los dientes de Loric\u00e1ridos son muy \u00fatiles en la determinaci\u00f3n de g\u00e9nero y especie. \u00bfPuedes ver las diferencias?\",\"breadcrumb\":{\"@id\":\"https:\\\/\\\/www.suedamerikafans.de\\\/es\\\/wels-datenbank\\\/maulstudien\\\/#breadcrumb\"},\"inLanguage\":\"es\",\"potentialAction\":[{\"@type\":\"ReadAction\",\"target\":[\"https:\\\/\\\/www.suedamerikafans.de\\\/es\\\/wels-datenbank\\\/maulstudien\\\/\"]}]},{\"@type\":\"BreadcrumbList\",\"@id\":\"https:\\\/\\\/www.suedamerikafans.de\\\/es\\\/wels-datenbank\\\/maulstudien\\\/#breadcrumb\",\"itemListElement\":[{\"@type\":\"ListItem\",\"position\":1,\"name\":\"Startseite\",\"item\":\"https:\\\/\\\/www.suedamerikafans.de\\\/es\\\/\"},{\"@type\":\"ListItem\",\"position\":2,\"name\":\"Base de datos\",\"item\":\"https:\\\/\\\/www.suedamerikafans.de\\\/es\\\/wels-datenbank\\\/\"},{\"@type\":\"ListItem\",\"position\":3,\"name\":\"Bocas de Loricaridos\"}]},{\"@type\":\"WebSite\",\"@id\":\"https:\\\/\\\/www.suedamerikafans.de\\\/es\\\/#website\",\"url\":\"https:\\\/\\\/www.suedamerikafans.de\\\/es\\\/\",\"name\":\"S\u00fcdamerikafans\",\"description\":\"... y fan\u00e1ticos del bagre\",\"publisher\":{\"@id\":\"https:\\\/\\\/www.suedamerikafans.de\\\/es\\\/#\\\/schema\\\/person\\\/a12b5fd2644a8b700e5f1c1c6afc2e43\"},\"potentialAction\":[{\"@type\":\"SearchAction\",\"target\":{\"@type\":\"EntryPoint\",\"urlTemplate\":\"https:\\\/\\\/www.suedamerikafans.de\\\/es\\\/?s={search_term_string}\"},\"query-input\":{\"@type\":\"PropertyValueSpecification\",\"valueRequired\":true,\"valueName\":\"search_term_string\"}}],\"inLanguage\":\"es\"},{\"@type\":[\"Person\",\"Organization\"],\"@id\":\"https:\\\/\\\/www.suedamerikafans.de\\\/es\\\/#\\\/schema\\\/person\\\/a12b5fd2644a8b700e5f1c1c6afc2e43\",\"name\":\"elko\",\"image\":{\"@type\":\"ImageObject\",\"inLanguage\":\"es\",\"@id\":\"https:\\\/\\\/www.suedamerikafans.de\\\/wp-content\\\/uploads\\\/2014\\\/08\\\/l163-600.jpg\",\"url\":\"https:\\\/\\\/www.suedamerikafans.de\\\/wp-content\\\/uploads\\\/2014\\\/08\\\/l163-600.jpg\",\"contentUrl\":\"https:\\\/\\\/www.suedamerikafans.de\\\/wp-content\\\/uploads\\\/2014\\\/08\\\/l163-600.jpg\",\"width\":1,\"height\":1,\"caption\":\"elko\"},\"logo\":{\"@id\":\"https:\\\/\\\/www.suedamerikafans.de\\\/wp-content\\\/uploads\\\/2014\\\/08\\\/l163-600.jpg\"}}]}<\/script>\n<!-- \/ Yoast SEO plugin. -->","yoast_head_json":{"title":"Bocas de Loricaridos - Welsfans","description":"Las diversas formas de la boca y los dientes de Loric\u00e1ridos son muy \u00fatiles en la determinaci\u00f3n de g\u00e9nero y especie. \u00bfPuedes ver las diferencias?","robots":{"index":"index","follow":"follow","max-snippet":"max-snippet:-1","max-image-preview":"max-image-preview:large","max-video-preview":"max-video-preview:-1"},"canonical":"https:\/\/www.suedamerikafans.de\/es\/wels-datenbank\/maulstudien\/","og_locale":"es_ES","og_type":"article","og_title":"Bocas de Loricaridos - Welsfans","og_description":"Las diversas formas de la boca y los dientes de Loric\u00e1ridos son muy \u00fatiles en la determinaci\u00f3n de g\u00e9nero y especie. \u00bfPuedes ver las diferencias?","og_url":"https:\/\/www.suedamerikafans.de\/es\/wels-datenbank\/maulstudien\/","og_site_name":"Fans de Am\u00e9rica del Sur","twitter_card":"summary_large_image","schema":{"@context":"https:\/\/schema.org","@graph":[{"@type":"WebPage","@id":"https:\/\/www.suedamerikafans.de\/es\/wels-datenbank\/maulstudien\/","url":"https:\/\/www.suedamerikafans.de\/es\/wels-datenbank\/maulstudien\/","name":"Bocas de Loricaridos - Welsfans","isPartOf":{"@id":"https:\/\/www.suedamerikafans.de\/es\/#website"},"datePublished":"2020-06-21T08:10:20+00:00","description":"Las diversas formas de la boca y los dientes de Loric\u00e1ridos son muy \u00fatiles en la determinaci\u00f3n de g\u00e9nero y especie. \u00bfPuedes ver las diferencias?","breadcrumb":{"@id":"https:\/\/www.suedamerikafans.de\/es\/wels-datenbank\/maulstudien\/#breadcrumb"},"inLanguage":"es","potentialAction":[{"@type":"ReadAction","target":["https:\/\/www.suedamerikafans.de\/es\/wels-datenbank\/maulstudien\/"]}]},{"@type":"BreadcrumbList","@id":"https:\/\/www.suedamerikafans.de\/es\/wels-datenbank\/maulstudien\/#breadcrumb","itemListElement":[{"@type":"ListItem","position":1,"name":"Startseite","item":"https:\/\/www.suedamerikafans.de\/es\/"},{"@type":"ListItem","position":2,"name":"Base de datos","item":"https:\/\/www.suedamerikafans.de\/es\/wels-datenbank\/"},{"@type":"ListItem","position":3,"name":"Bocas de Loricaridos"}]},{"@type":"WebSite","@id":"https:\/\/www.suedamerikafans.de\/es\/#website","url":"https:\/\/www.suedamerikafans.de\/es\/","name":"S\u00fcdamerikafans","description":"... y fan\u00e1ticos del bagre","publisher":{"@id":"https:\/\/www.suedamerikafans.de\/es\/#\/schema\/person\/a12b5fd2644a8b700e5f1c1c6afc2e43"},"potentialAction":[{"@type":"SearchAction","target":{"@type":"EntryPoint","urlTemplate":"https:\/\/www.suedamerikafans.de\/es\/?s={search_term_string}"},"query-input":{"@type":"PropertyValueSpecification","valueRequired":true,"valueName":"search_term_string"}}],"inLanguage":"es"},{"@type":["Person","Organization"],"@id":"https:\/\/www.suedamerikafans.de\/es\/#\/schema\/person\/a12b5fd2644a8b700e5f1c1c6afc2e43","name":"elko","image":{"@type":"ImageObject","inLanguage":"es","@id":"https:\/\/www.suedamerikafans.de\/wp-content\/uploads\/2014\/08\/l163-600.jpg","url":"https:\/\/www.suedamerikafans.de\/wp-content\/uploads\/2014\/08\/l163-600.jpg","contentUrl":"https:\/\/www.suedamerikafans.de\/wp-content\/uploads\/2014\/08\/l163-600.jpg","width":1,"height":1,"caption":"elko"},"logo":{"@id":"https:\/\/www.suedamerikafans.de\/wp-content\/uploads\/2014\/08\/l163-600.jpg"}}]}},"_links":{"self":[{"href":"https:\/\/www.suedamerikafans.de\/es\/wp-json\/wp\/v2\/pages\/11829","targetHints":{"allow":["GET"]}}],"collection":[{"href":"https:\/\/www.suedamerikafans.de\/es\/wp-json\/wp\/v2\/pages"}],"about":[{"href":"https:\/\/www.suedamerikafans.de\/es\/wp-json\/wp\/v2\/types\/page"}],"author":[{"embeddable":true,"href":"https:\/\/www.suedamerikafans.de\/es\/wp-json\/wp\/v2\/users\/1"}],"replies":[{"embeddable":true,"href":"https:\/\/www.suedamerikafans.de\/es\/wp-json\/wp\/v2\/comments?post=11829"}],"version-history":[{"count":0,"href":"https:\/\/www.suedamerikafans.de\/es\/wp-json\/wp\/v2\/pages\/11829\/revisions"}],"up":[{"embeddable":true,"href":"https:\/\/www.suedamerikafans.de\/es\/wp-json\/wp\/v2\/pages\/11839"}],"wp:attachment":[{"href":"https:\/\/www.suedamerikafans.de\/es\/wp-json\/wp\/v2\/media?parent=11829"}],"curies":[{"name":"wp","href":"https:\/\/api.w.org\/{rel}","templated":true}]}}